{"id":1121,"date":"2025-08-19T08:22:28","date_gmt":"2025-08-19T11:22:28","guid":{"rendered":"https:\/\/zap10xdelivery.com\/?page_id=1121"},"modified":"2025-09-17T06:32:07","modified_gmt":"2025-09-17T09:32:07","slug":"links","status":"publish","type":"page","link":"https:\/\/zap10xdelivery.com\/index.php\/links\/","title":{"rendered":"Links"},"content":{"rendered":"\t\t<div data-elementor-type=\"wp-page\" data-elementor-id=\"1121\" class=\"elementor elementor-1121\">\n\t\t\t\t<div class=\"has_eae_slider elementor-element elementor-element-cf5a167 e-flex e-con-boxed wpr-particle-no wpr-jarallax-no wpr-parallax-no wpr-sticky-section-no wpr-equal-height-no e-con e-parent\" data-eae-slider=\"58579\" data-id=\"cf5a167\" data-element_type=\"container\" data-settings=\"{&quot;background_background&quot;:&quot;gradient&quot;}\">\n\t\t\t\t\t<div class=\"e-con-inner\">\n\t\t\t\t<div class=\"elementor-element elementor-element-a2cfdd9 elementor-widget elementor-widget-image\" data-id=\"a2cfdd9\" data-element_type=\"widget\" data-widget_type=\"image.default\">\n\t\t\t\t<div class=\"elementor-widget-container\">\n\t\t\t\t\t\t\t\t\t\t\t\t\t\t\t<img fetchpriority=\"high\" decoding=\"async\" width=\"670\" height=\"372\" src=\"https:\/\/zap10xdelivery.com\/wp-content\/uploads\/2025\/08\/capa_notion_1-removebg-preview.png\" class=\"attachment-large size-large wp-image-1126\" alt=\"\" srcset=\"https:\/\/zap10xdelivery.com\/wp-content\/uploads\/2025\/08\/capa_notion_1-removebg-preview.png 670w, https:\/\/zap10xdelivery.com\/wp-content\/uploads\/2025\/08\/capa_notion_1-removebg-preview-300x167.png 300w\" sizes=\"(max-width: 670px) 100vw, 670px\" \/>\t\t\t\t\t\t\t\t\t\t\t\t\t\t\t<\/div>\n\t\t\t\t<\/div>\n\t\t\t\t<div class=\"elementor-element elementor-element-b5aa020 elementor-widget elementor-widget-text-editor\" data-id=\"b5aa020\" data-element_type=\"widget\" data-widget_type=\"text-editor.default\">\n\t\t\t\t<div class=\"elementor-widget-container\">\n\t\t\t\t\t\t\t\t\t<p><em>&#8220;Marketing sem substantivo \u00e9 s\u00f3 showzinho de fal\u00eancia.&#8221;\u00a0<\/em><\/p><p>Aprenda a ser a op\u00e7\u00e3o \u00f3bvia na hora da fome com nossos treinamentos:<\/p>\t\t\t\t\t\t\t\t<\/div>\n\t\t\t\t<\/div>\n\t\t\t\t<div class=\"elementor-element elementor-element-6672cf1 elementor-align-justify elementor-widget elementor-widget-button\" data-id=\"6672cf1\" data-element_type=\"widget\" data-widget_type=\"button.default\">\n\t\t\t\t<div class=\"elementor-widget-container\">\n\t\t\t\t\t\t\t\t\t<div class=\"elementor-button-wrapper\">\n\t\t\t\t\t<a class=\"elementor-button elementor-button-link elementor-size-sm\" href=\"https:\/\/zap10xdelivery.com\/index.php\/a-trilha-do-fregues-smart\/\" target=\"_blank\">\n\t\t\t\t\t\t<span class=\"elementor-button-content-wrapper\">\n\t\t\t\t\t\t\t\t\t<span class=\"elementor-button-text\">A Trilha do Fregu\u00eas<\/span>\n\t\t\t\t\t<\/span>\n\t\t\t\t\t<\/a>\n\t\t\t\t<\/div>\n\t\t\t\t\t\t\t\t<\/div>\n\t\t\t\t<\/div>\n\t\t\t\t<div class=\"elementor-element elementor-element-306ae0e elementor-align-justify elementor-widget elementor-widget-button\" data-id=\"306ae0e\" data-element_type=\"widget\" data-widget_type=\"button.default\">\n\t\t\t\t<div class=\"elementor-widget-container\">\n\t\t\t\t\t\t\t\t\t<div class=\"elementor-button-wrapper\">\n\t\t\t\t\t<a class=\"elementor-button elementor-button-link elementor-size-sm\" href=\"https:\/\/zap10xdelivery.com\/\" target=\"_blank\">\n\t\t\t\t\t\t<span class=\"elementor-button-content-wrapper\">\n\t\t\t\t\t\t\t\t\t<span class=\"elementor-button-text\">ZAP10X - MKT GASTRON\u00d4MICO<\/span>\n\t\t\t\t\t<\/span>\n\t\t\t\t\t<\/a>\n\t\t\t\t<\/div>\n\t\t\t\t\t\t\t\t<\/div>\n\t\t\t\t<\/div>\n\t\t\t\t<div class=\"elementor-element elementor-element-f3d9786 elementor-align-justify elementor-widget elementor-widget-button\" data-id=\"f3d9786\" data-element_type=\"widget\" data-widget_type=\"button.default\">\n\t\t\t\t<div class=\"elementor-widget-container\">\n\t\t\t\t\t\t\t\t\t<div class=\"elementor-button-wrapper\">\n\t\t\t\t\t<a class=\"elementor-button elementor-size-sm\" role=\"button\">\n\t\t\t\t\t\t<span class=\"elementor-button-content-wrapper\">\n\t\t\t\t\t\t\t\t\t<span class=\"elementor-button-text\">Consultoria de Marketing (agenda esgotada)<\/span>\n\t\t\t\t\t<\/span>\n\t\t\t\t\t<\/a>\n\t\t\t\t<\/div>\n\t\t\t\t\t\t\t\t<\/div>\n\t\t\t\t<\/div>\n\t\t\t\t<div class=\"elementor-element elementor-element-1ec0623 elementor-widget elementor-widget-text-editor\" data-id=\"1ec0623\" data-element_type=\"widget\" data-widget_type=\"text-editor.default\">\n\t\t\t\t<div class=\"elementor-widget-container\">\n\t\t\t\t\t\t\t\t\t<p><em>&#8220;Nos vemos do outro lado do balc\u00e3o&#8221;\u00a0<\/em><\/p><p>\u00a0<\/p>\t\t\t\t\t\t\t\t<\/div>\n\t\t\t\t<\/div>\n\t\t\t\t\t<\/div>\n\t\t\t\t<\/div>\n\t\t\t\t<\/div>\n\t\t","protected":false},"excerpt":{"rendered":"<p>&#8220;Marketing sem substantivo \u00e9 s\u00f3 showzinho de fal\u00eancia.&#8221;\u00a0 Aprenda a ser a op\u00e7\u00e3o \u00f3bvia na hora da fome com nossos treinamentos: A Trilha do Fregu\u00eas ZAP10X &#8211; MKT GASTRON\u00d4MICO Consultoria de Marketing (agenda esgotada) &#8220;Nos vemos do outro lado do balc\u00e3o&#8221;\u00a0 \u00a0<\/p>\n","protected":false},"author":1,"featured_media":0,"parent":0,"menu_order":0,"comment_status":"closed","ping_status":"closed","template":"elementor_canvas","meta":{"_monsterinsights_skip_tracking":false,"_monsterinsights_sitenote_active":false,"_monsterinsights_sitenote_note":"","_monsterinsights_sitenote_category":0,"footnotes":""},"aioseo_notices":[],"_links":{"self":[{"href":"https:\/\/zap10xdelivery.com\/index.php\/wp-json\/wp\/v2\/pages\/1121"}],"collection":[{"href":"https:\/\/zap10xdelivery.com\/index.php\/wp-json\/wp\/v2\/pages"}],"about":[{"href":"https:\/\/zap10xdelivery.com\/index.php\/wp-json\/wp\/v2\/types\/page"}],"author":[{"embeddable":true,"href":"https:\/\/zap10xdelivery.com\/index.php\/wp-json\/wp\/v2\/users\/1"}],"replies":[{"embeddable":true,"href":"https:\/\/zap10xdelivery.com\/index.php\/wp-json\/wp\/v2\/comments?post=1121"}],"version-history":[{"count":10,"href":"https:\/\/zap10xdelivery.com\/index.php\/wp-json\/wp\/v2\/pages\/1121\/revisions"}],"predecessor-version":[{"id":1231,"href":"https:\/\/zap10xdelivery.com\/index.php\/wp-json\/wp\/v2\/pages\/1121\/revisions\/1231"}],"wp:attachment":[{"href":"https:\/\/zap10xdelivery.com\/index.php\/wp-json\/wp\/v2\/media?parent=1121"}],"curies":[{"name":"wp","href":"https:\/\/api.w.org\/{rel}","templated":true}]}}